{"id":466,"date":"2019-07-30T12:37:29","date_gmt":"2019-07-30T16:37:29","guid":{"rendered":"https:\/\/nadereartsvivants.com\/accueil\/"},"modified":"2024-12-05T12:32:03","modified_gmt":"2024-12-05T17:32:03","slug":"accueil","status":"publish","type":"page","link":"https:\/\/nadereartsvivants.com\/en\/","title":{"rendered":"Accueil"},"content":{"rendered":"<div id=\"cs-content\" class=\"cs-content\"><div class=\"x-section e466-e1 mcy-0\"><span class=\"x-image e466-e2 mcy-2 mcy-1\"><img decoding=\"async\" src=\"https:\/\/nadereartsvivants.com\/wp-content\/uploads\/2024\/11\/Andreane-Leclerc-_-Nadere-arts-vivants_La-foret-temps-1-dA-lEst-de-Nod_FCamus-2.jpg\" width=\"1494\" height=\"1079\" alt=\"Image\" loading=\"lazy\"><\/span><div class=\"x-text x-content e466-e3 mcy-3\"><p style=\"text-align: justify;\"><strong>TERRITORIAL ACKNOWLEDGEMENT<\/strong><br \/>Nad&egrave;re Arts Vivants' creations outline numerous reflections on space, places, territories and the beings who inhabit them. Our work follows an ethic of care for all the relationships between the living and the non-living. For this reason, we wish to acknowledge that the dramaturgical spirit which runs through Nad&egrave;re Arts Vivants' creations has been shaped by contact with various unceeded Aboriginal territories where beings and their memories coexist.<\/p>\n<p style=\"text-align: justify;\">Tiohti&aacute;:ke \/ Moonyang \/ Montr&eacute;al has long been a meeting place for diplomatic activities between Aboriginal nations.<\/p><\/div><div class=\"x-container marginless-columns e466-e4 mcy-4\"><\/div><\/div><\/div>\n","protected":false},"excerpt":{"rendered":"<p>TERRITORIAL ACKNOWLEDGEMENTNad&egrave;re Arts Vivants&#8217; creations outline numerous reflections on space, places, territories and the beings who inhabit them. Our work follows an ethic of care for all the relationships between the living and the non-living. For this reason, we wish to acknowledge that the dramaturgical spirit which runs through Nad&egrave;re Arts Vivants&#8217; creations has been shaped by contact with various &#8230; <a href=\"https:\/\/nadereartsvivants.com\/en\/\" class=\"more-link\">Read More<\/a><\/p>\n","protected":false},"author":1,"featured_media":0,"parent":0,"menu_order":0,"comment_status":"closed","ping_status":"closed","template":"template-layout-full-width.php","meta":{"_monsterinsights_skip_tracking":false,"_monsterinsights_sitenote_active":false,"_monsterinsights_sitenote_note":"","_monsterinsights_sitenote_category":0,"footnotes":"","_links_to":"","_links_to_target":""},"class_list":["post-466","page","type-page","status-publish","hentry","no-post-thumbnail"],"yoast_head":"<!-- This site is optimized with the Yoast SEO plugin v26.4 - https:\/\/yoast.com\/wordpress\/plugins\/seo\/ -->\n<title>Accueil - Nad\u00e8re arts vivants<\/title>\n<meta name=\"robots\" content=\"index, follow, max-snippet:-1, max-image-preview:large, max-video-preview:-1\" \/>\n<link rel=\"canonical\" href=\"https:\/\/nadereartsvivants.com\/en\/accueil\/\" \/>\n<meta property=\"og:locale\" content=\"en_US\" \/>\n<meta property=\"og:type\" content=\"article\" \/>\n<meta property=\"og:title\" content=\"Accueil - Nad\u00e8re arts vivants\" \/>\n<meta property=\"og:description\" content=\"TERRITORIAL ACKNOWLEDGEMENTNad&egrave;re Arts Vivants&#039; creations outline numerous reflections on space, places, territories and the beings who inhabit them. Our work follows an ethic of care for all the relationships between the living and the non-living. For this reason, we wish to acknowledge that the dramaturgical spirit which runs through Nad&egrave;re Arts Vivants&#039; creations has been shaped by contact with various ... Read More\" \/>\n<meta property=\"og:url\" content=\"https:\/\/nadereartsvivants.com\/en\/accueil\/\" \/>\n<meta property=\"og:site_name\" content=\"Nad\u00e8re arts vivants\" \/>\n<meta property=\"article:modified_time\" content=\"2024-12-05T17:32:03+00:00\" \/>\n<meta name=\"twitter:card\" content=\"summary_large_image\" \/>\n<meta name=\"twitter:label1\" content=\"Est. reading time\" \/>\n\t<meta name=\"twitter:data1\" content=\"1 minute\" \/>\n<script type=\"application\/ld+json\" class=\"yoast-schema-graph\">{\"@context\":\"https:\/\/schema.org\",\"@graph\":[{\"@type\":\"WebPage\",\"@id\":\"https:\/\/nadereartsvivants.com\/en\/accueil\/\",\"url\":\"https:\/\/nadereartsvivants.com\/en\/accueil\/\",\"name\":\"Accueil - Nad\u00e8re arts vivants\",\"isPartOf\":{\"@id\":\"https:\/\/nadereartsvivants.com\/#website\"},\"datePublished\":\"2019-07-30T16:37:29+00:00\",\"dateModified\":\"2024-12-05T17:32:03+00:00\",\"breadcrumb\":{\"@id\":\"https:\/\/nadereartsvivants.com\/en\/accueil\/#breadcrumb\"},\"inLanguage\":\"en-US\",\"potentialAction\":[{\"@type\":\"ReadAction\",\"target\":[\"https:\/\/nadereartsvivants.com\/en\/accueil\/\"]}]},{\"@type\":\"BreadcrumbList\",\"@id\":\"https:\/\/nadereartsvivants.com\/en\/accueil\/#breadcrumb\",\"itemListElement\":[{\"@type\":\"ListItem\",\"position\":1,\"name\":\"Accueil\",\"item\":\"https:\/\/nadereartsvivants.com\/en\/accueil\/\"},{\"@type\":\"ListItem\",\"position\":2,\"name\":\"Accueil\"}]},{\"@type\":\"WebSite\",\"@id\":\"https:\/\/nadereartsvivants.com\/#website\",\"url\":\"https:\/\/nadereartsvivants.com\/\",\"name\":\"Nad\u00e8re arts vivants\",\"description\":\"Po\u00e9sie noire aux \u00e9chos archa\u00eeques\",\"potentialAction\":[{\"@type\":\"SearchAction\",\"target\":{\"@type\":\"EntryPoint\",\"urlTemplate\":\"https:\/\/nadereartsvivants.com\/?s={search_term_string}\"},\"query-input\":{\"@type\":\"PropertyValueSpecification\",\"valueRequired\":true,\"valueName\":\"search_term_string\"}}],\"inLanguage\":\"en-US\"}]}<\/script>\n<!-- \/ Yoast SEO plugin. -->","yoast_head_json":{"title":"Accueil - Nad\u00e8re arts vivants","robots":{"index":"index","follow":"follow","max-snippet":"max-snippet:-1","max-image-preview":"max-image-preview:large","max-video-preview":"max-video-preview:-1"},"canonical":"https:\/\/nadereartsvivants.com\/en\/accueil\/","og_locale":"en_US","og_type":"article","og_title":"Accueil - Nad\u00e8re arts vivants","og_description":"TERRITORIAL ACKNOWLEDGEMENTNad&egrave;re Arts Vivants' creations outline numerous reflections on space, places, territories and the beings who inhabit them. Our work follows an ethic of care for all the relationships between the living and the non-living. For this reason, we wish to acknowledge that the dramaturgical spirit which runs through Nad&egrave;re Arts Vivants' creations has been shaped by contact with various ... Read More","og_url":"https:\/\/nadereartsvivants.com\/en\/accueil\/","og_site_name":"Nad\u00e8re arts vivants","article_modified_time":"2024-12-05T17:32:03+00:00","twitter_card":"summary_large_image","twitter_misc":{"Est. reading time":"1 minute"},"schema":{"@context":"https:\/\/schema.org","@graph":[{"@type":"WebPage","@id":"https:\/\/nadereartsvivants.com\/en\/accueil\/","url":"https:\/\/nadereartsvivants.com\/en\/accueil\/","name":"Accueil - Nad\u00e8re arts vivants","isPartOf":{"@id":"https:\/\/nadereartsvivants.com\/#website"},"datePublished":"2019-07-30T16:37:29+00:00","dateModified":"2024-12-05T17:32:03+00:00","breadcrumb":{"@id":"https:\/\/nadereartsvivants.com\/en\/accueil\/#breadcrumb"},"inLanguage":"en-US","potentialAction":[{"@type":"ReadAction","target":["https:\/\/nadereartsvivants.com\/en\/accueil\/"]}]},{"@type":"BreadcrumbList","@id":"https:\/\/nadereartsvivants.com\/en\/accueil\/#breadcrumb","itemListElement":[{"@type":"ListItem","position":1,"name":"Accueil","item":"https:\/\/nadereartsvivants.com\/en\/accueil\/"},{"@type":"ListItem","position":2,"name":"Accueil"}]},{"@type":"WebSite","@id":"https:\/\/nadereartsvivants.com\/#website","url":"https:\/\/nadereartsvivants.com\/","name":"Nad\u00e8re arts vivants","description":"Po\u00e9sie noire aux \u00e9chos archa\u00eeques","potentialAction":[{"@type":"SearchAction","target":{"@type":"EntryPoint","urlTemplate":"https:\/\/nadereartsvivants.com\/?s={search_term_string}"},"query-input":{"@type":"PropertyValueSpecification","valueRequired":true,"valueName":"search_term_string"}}],"inLanguage":"en-US"}]}},"_links":{"self":[{"href":"https:\/\/nadereartsvivants.com\/en\/wp-json\/wp\/v2\/pages\/466","targetHints":{"allow":["GET"]}}],"collection":[{"href":"https:\/\/nadereartsvivants.com\/en\/wp-json\/wp\/v2\/pages"}],"about":[{"href":"https:\/\/nadereartsvivants.com\/en\/wp-json\/wp\/v2\/types\/page"}],"author":[{"embeddable":true,"href":"https:\/\/nadereartsvivants.com\/en\/wp-json\/wp\/v2\/users\/1"}],"replies":[{"embeddable":true,"href":"https:\/\/nadereartsvivants.com\/en\/wp-json\/wp\/v2\/comments?post=466"}],"version-history":[{"count":16,"href":"https:\/\/nadereartsvivants.com\/en\/wp-json\/wp\/v2\/pages\/466\/revisions"}],"predecessor-version":[{"id":1642,"href":"https:\/\/nadereartsvivants.com\/en\/wp-json\/wp\/v2\/pages\/466\/revisions\/1642"}],"wp:attachment":[{"href":"https:\/\/nadereartsvivants.com\/en\/wp-json\/wp\/v2\/media?parent=466"}],"curies":[{"name":"wp","href":"https:\/\/api.w.org\/{rel}","templated":true}]}}