{"id":469,"date":"2019-07-24T12:03:58","date_gmt":"2019-07-24T16:03:58","guid":{"rendered":"https:\/\/nadereartsvivants.com\/ateliers-offerts\/"},"modified":"2024-11-06T11:03:03","modified_gmt":"2024-11-06T16:03:03","slug":"workshop","status":"publish","type":"page","link":"https:\/\/nadereartsvivants.com\/en\/workshop\/","title":{"rendered":"Workshops"},"content":{"rendered":"<div id=\"cs-content\" class=\"cs-content\"><div class=\"x-section e469-e1 md1-0\"><div class=\"x-container marginless-columns e469-e2 md1-2\"><div class=\"x-column x-sm x-1-2 e469-e3 md1-3 md1-4 md1-5\"><span class=\"x-image e469-e4 md1-8\"><img decoding=\"async\" src=\"https:\/\/nadereartsvivants.com\/wp-content\/uploads\/2024\/11\/andreane-leclerc_atelier-cropped-scaled.jpg\" width=\"1280\" height=\"766\" alt=\"Image\" loading=\"lazy\"><\/span><span class=\"x-image e469-e5 md1-8 md1-1\"><img decoding=\"async\" src=\"https:\/\/nadereartsvivants.com\/wp-content\/uploads\/2024\/11\/andreane-leclerc-5-1-scaled.jpg\" width=\"1280\" height=\"708\" alt=\"Image\" loading=\"lazy\"><\/span><\/div><div class=\"x-column x-sm x-1-2 e469-e6 md1-3 md1-4 md1-6\"><div class=\"x-text x-content e469-e7 md1-9\"><h3>Contortion: Opening, amplitude and movement of the spine<\/h3><\/div><blockquote class=\"x-quote e469-e8 md1-a\"><div class=\"x-quote-content\"><div class=\"x-quote-text\">\u00ab Very good teacher-will do it again. \u00bb<\/div><footer class=\"x-quote-cite\"><span class=\"x-quote-cite-text\">Eugene Poku, yogi, 2015<\/span><\/footer><\/div><\/blockquote><div class=\"x-text x-content e469-e9 md1-9\"><p>Duration: 3 hours per day x 5 days<\/p>\n<div class=\"page\" title=\"Page 3\">\n<div class=\"section\">\n<div class=\"layoutArea\">\n<div class=\"column\">\n<p>Being a contortionist does not mean being flexible. It is an accessible body technique that can be learned, worked on and developed over time. There is no secret. Contortion is a hyper-consciousness of the body's inner sensations and an intimate dialogue with its limits - its allies. In a constant dialogue with one's own body, contortion seeks to open rather than bend it. Without ever pushing back its limits, we will learn how to collaborate with them, in a total respect of the body.<\/p>\n<p>In order to demystify the movement and amplitude of the spine, this workshop is for all body artists who wish to improve their flexibility; discover a new body technique; have new tools to integrate their flexibility into their practice; develop confidence and knowledge that will allow them to venture into a particular and specific work of the spine; start a new journey into the inner sensation of their body and open themselves to a new approach to it.<\/p>\n<p>These classes will be based on specific active flexibiity and stretching exercises. We will listen to and serve the body in order to address posture and endurance and explore the possibilities of its amplitude.<\/p>\n<\/div>\n<\/div>\n<\/div>\n<\/div>\n<p>This workshop was given<br \/>Festival Lila L&oacute;pez (San Luis Potos&iacute;), Festival Fabbrica Europa (Florence), Studio 303 (Montreal), Centre des arts de la sc&egrave;ne Jean-Besr&eacute; (Sherbrooke), Contemporary Circus Arts Festival of Toronto (Toronto).<\/p><\/div><\/div><\/div><div class=\"x-container marginless-columns e469-e10 md1-2\"><div class=\"x-column x-sm x-1-2 e469-e11 md1-3 md1-4 md1-6\"><div class=\"x-text x-content e469-e12 md1-9\"><h3>Acrobatic dialogue<\/h3><\/div><div class=\"x-text x-content e469-e13 md1-9\"><p>Duration : 3h par jour x 5 jours<\/p>\n<p><span style=\"font-size: 1em; background-color: transparent; font-family: inherit; letter-spacing: 0em;\">For some time now, we have been hearing about circus dramaturgy. But in order to write the circus, one must also be able to read it, decode it, and understand its system.<\/span><\/p>\n<div class=\"page\" title=\"Page 4\">\n<div class=\"section\">\n<div class=\"layoutArea\">\n<div class=\"column\">\n<p>This workshop, both physical and participatory, aims to encourage dialogue between acrobats by making their circus discipline \"speak\" through movement. It will include teamwork workshops, practical exercises, improvisation and discussions.<\/p>\n<p>The themes covered will be:<\/p>\n<p>- Questioning the dramaturgy and writing of circus through its technique<br \/>- Open the acrobat to different possible interpretations of the circus technique.<br \/>- Deconstructing Circassian language for the discovery of a new physical vocabulary<br \/>- To question the gap between the perceived and lived experience of the acrobat and the spectator.<br \/>- To observe the birth of possible dialogue in this space between two, between bodies, disciplines and spaces.<\/p>\n<div class=\"page\" title=\"Page 4\">\n<div class=\"section\">\n<div class=\"layoutArea\">\n<div class=\"column\">\n<p>The sessions will begin with an in-depth warm-up, in order to open a first inner dialogue. Then, participants will question, explore and deconstruct the prowess by reversing its codes, playing on its rhythms and angles of presentation. The trainer will lead them to deterritorialize the danger that inhabits them, so that the prowess becomes a material, a tool. The aim of this first work is to open the acrobat's inner awareness of the different possible interpretations and then to go to meet the other through the prowess. Then, within improvisation exercises, the participants will create encounters. Based on these encounters, they will analyze the different readings and possible interpretations: both those experienced and those perceived.<\/p>\n<p>Finally, the training proposes a reflection on how to define one's art, which will help circus artists to articulate their artistic approach orally and in writing.<\/p>\n<\/div>\n<\/div>\n<\/div>\n<\/div>\n<\/div>\n<\/div>\n<\/div>\n<\/div>\n<p>This workshop was given<br \/>En Piste - Regroupement national des arts du cirque (Montreal), Contemporary Circus Arts Festival (Toronto), La Gata Circo (Bogota), La Grainerie (Toulouse), La Central del Circ (Barcelona)<\/p><\/div><\/div><div class=\"x-column x-sm x-1-2 e469-e14 md1-3 md1-5 md1-7\"><span class=\"x-image e469-e15 md1-8\"><img decoding=\"async\" src=\"https:\/\/nadereartsvivants.com\/wp-content\/uploads\/2019\/07\/21-octobre-201405-Bath-HouseF.chais136.jpg\" width=\"3648\" height=\"5472\" alt=\"Image\" loading=\"lazy\"><\/span><\/div><\/div><div class=\"x-container marginless-columns e469-e16 md1-2\"><div class=\"x-column x-sm x-1-2 e469-e17 md1-3 md1-4 md1-5\"><span class=\"x-image e469-e18 md1-8\"><img decoding=\"async\" src=\"https:\/\/nadereartsvivants.com\/wp-content\/uploads\/2019\/07\/713A7916-1.jpg\" width=\"1000\" height=\"1000\" alt=\"Image\" loading=\"lazy\"><\/span><\/div><div class=\"x-column x-sm x-1-2 e469-e19 md1-3 md1-4 md1-6\"><div class=\"x-text x-content e469-e20 md1-9\"><h3>CIRCUS &ndash; Writing in the In-between<\/h3><\/div><div class=\"x-text x-content e469-e21 md1-9\"><p>Duration: 3 hours per day x 5 days<\/p>\n<p><span style=\"font-size: 1em; background-color: transparent; font-family: inherit; letter-spacing: 0em;\">This bilingual workshop led by new body practice artist Andre\u0301ane Leclerc focuses on the different circus interpretations and writing within an interdisciplinary process in the performing arts. Too often, the circus is simply slipped into a performance context, inserted into a creation, or juxtaposed with other disciplines. Its multiple constraints, among other techniques and the peculiarity of its language, often make it difficult to write for the stage, to engage in interdisciplinary dialogue and, by extension, to carry out research and creation processes. This is because the questioning of the circus form to make it a malleable material for stage writing is fundamentally perilous because it carries a real risk. How can we reflect on the circus as a subject within an interdisciplinary creative process? How can the circus be brought into dialogue with other disciplines in the creation of a new language? How do we get out of a binary logic between two disci- plines and what do we observe within this in-between zone? What new dramaturgical possibilities are emerging? This is a space for reflection, exchange, dialogue and creation in order to target and better understand the issues inherent to the circus and then open up and exchange on different visions and possible interpretations. As a creative laboratory, it aims to break the hierarchy of stage languages to<\/span><\/p>\n<div class=\"page\" title=\"Page 5\">\n<div class=\"section\">\n<div class=\"layoutArea\">\n<div class=\"column\">\n<p>create new forms originating at the heart of all these disciplines. It is an invitation to develop a practice of active listening, of sensitive dialogue, and of diving into the heart of unknown zones, in this \"in-between\" and porous space that connects. This training course is intended for creative artists from all disciplines with an interest in circus arts, interdisciplinary creative processes and contemporary dramaturgy. Topics covered:<\/p>\n<\/div>\n<\/div>\n<div class=\"layoutArea\">\n<div class=\"column\">\n<p>- Making the difference between multi, inter-disciplinary<br \/>- Look for disciplinary porosity<br \/>- Distinguish the lived from the perceived and articulate its circus vision<br \/>- Circassian dramaturgical issues<br \/>- Contemporary Dramaturgy<br \/>- Scenic composition<br \/>- Common language<\/p>\n<\/div>\n<\/div>\n<\/div>\n<\/div>\n<p><span style=\"font-size: 1em; background-color: transparent; font-family: inherit; letter-spacing: 0em;\">This workshop was given<br \/><\/span>Playwrights Workshops Montr&eacute;al, En Piste - Regroupement national des arts du cirque (Montreal),<\/p><\/div><\/div><\/div><\/div><\/div>\n","protected":false},"excerpt":{"rendered":"<p>Contortion: Opening, amplitude and movement of the spine\u00ab Very good teacher-will do it again. \u00bbEugene Poku, yogi, 2015Duration: 3 hours per day x 5 days Being a contortionist does not mean being flexible. It is an accessible body technique that can be learned, worked on and developed over time. There is no secret. Contortion is a hyper-consciousness of the body&#8217;s &#8230; <a href=\"https:\/\/nadereartsvivants.com\/en\/workshop\/\" class=\"more-link\">Read More<\/a><\/p>\n","protected":false},"author":1,"featured_media":0,"parent":0,"menu_order":0,"comment_status":"closed","ping_status":"closed","template":"","meta":{"_monsterinsights_skip_tracking":false,"_monsterinsights_sitenote_active":false,"_monsterinsights_sitenote_note":"","_monsterinsights_sitenote_category":0,"footnotes":"","_links_to":"","_links_to_target":""},"class_list":["post-469","page","type-page","status-publish","hentry","no-post-thumbnail"],"yoast_head":"<!-- This site is optimized with the Yoast SEO plugin v26.4 - https:\/\/yoast.com\/wordpress\/plugins\/seo\/ -->\n<title>Workshops - Nad\u00e8re arts vivants<\/title>\n<meta name=\"robots\" content=\"index, follow, max-snippet:-1, max-image-preview:large, max-video-preview:-1\" \/>\n<link rel=\"canonical\" href=\"https:\/\/nadereartsvivants.com\/en\/workshop\/\" \/>\n<meta property=\"og:locale\" content=\"en_US\" \/>\n<meta property=\"og:type\" content=\"article\" \/>\n<meta property=\"og:title\" content=\"Workshops - Nad\u00e8re arts vivants\" \/>\n<meta property=\"og:description\" content=\"Contortion: Opening, amplitude and movement of the spine\u00ab Very good teacher-will do it again. \u00bbEugene Poku, yogi, 2015Duration: 3 hours per day x 5 days Being a contortionist does not mean being flexible. It is an accessible body technique that can be learned, worked on and developed over time. There is no secret. Contortion is a hyper-consciousness of the body&#039;s ... Read More\" \/>\n<meta property=\"og:url\" content=\"https:\/\/nadereartsvivants.com\/en\/workshop\/\" \/>\n<meta property=\"og:site_name\" content=\"Nad\u00e8re arts vivants\" \/>\n<meta property=\"article:modified_time\" content=\"2024-11-06T16:03:03+00:00\" \/>\n<meta name=\"twitter:card\" content=\"summary_large_image\" \/>\n<meta name=\"twitter:label1\" content=\"Est. reading time\" \/>\n\t<meta name=\"twitter:data1\" content=\"5 minutes\" \/>\n<script type=\"application\/ld+json\" class=\"yoast-schema-graph\">{\"@context\":\"https:\/\/schema.org\",\"@graph\":[{\"@type\":\"WebPage\",\"@id\":\"https:\/\/nadereartsvivants.com\/en\/workshop\/\",\"url\":\"https:\/\/nadereartsvivants.com\/en\/workshop\/\",\"name\":\"Workshops - Nad\u00e8re arts vivants\",\"isPartOf\":{\"@id\":\"https:\/\/nadereartsvivants.com\/#website\"},\"datePublished\":\"2019-07-24T16:03:58+00:00\",\"dateModified\":\"2024-11-06T16:03:03+00:00\",\"breadcrumb\":{\"@id\":\"https:\/\/nadereartsvivants.com\/en\/workshop\/#breadcrumb\"},\"inLanguage\":\"en-US\",\"potentialAction\":[{\"@type\":\"ReadAction\",\"target\":[\"https:\/\/nadereartsvivants.com\/en\/workshop\/\"]}]},{\"@type\":\"BreadcrumbList\",\"@id\":\"https:\/\/nadereartsvivants.com\/en\/workshop\/#breadcrumb\",\"itemListElement\":[{\"@type\":\"ListItem\",\"position\":1,\"name\":\"Accueil\",\"item\":\"https:\/\/nadereartsvivants.com\/en\/accueil\/\"},{\"@type\":\"ListItem\",\"position\":2,\"name\":\"Workshops\"}]},{\"@type\":\"WebSite\",\"@id\":\"https:\/\/nadereartsvivants.com\/#website\",\"url\":\"https:\/\/nadereartsvivants.com\/\",\"name\":\"Nad\u00e8re arts vivants\",\"description\":\"Po\u00e9sie noire aux \u00e9chos archa\u00eeques\",\"potentialAction\":[{\"@type\":\"SearchAction\",\"target\":{\"@type\":\"EntryPoint\",\"urlTemplate\":\"https:\/\/nadereartsvivants.com\/?s={search_term_string}\"},\"query-input\":{\"@type\":\"PropertyValueSpecification\",\"valueRequired\":true,\"valueName\":\"search_term_string\"}}],\"inLanguage\":\"en-US\"}]}<\/script>\n<!-- \/ Yoast SEO plugin. -->","yoast_head_json":{"title":"Workshops - Nad\u00e8re arts vivants","robots":{"index":"index","follow":"follow","max-snippet":"max-snippet:-1","max-image-preview":"max-image-preview:large","max-video-preview":"max-video-preview:-1"},"canonical":"https:\/\/nadereartsvivants.com\/en\/workshop\/","og_locale":"en_US","og_type":"article","og_title":"Workshops - Nad\u00e8re arts vivants","og_description":"Contortion: Opening, amplitude and movement of the spine\u00ab Very good teacher-will do it again. \u00bbEugene Poku, yogi, 2015Duration: 3 hours per day x 5 days Being a contortionist does not mean being flexible. It is an accessible body technique that can be learned, worked on and developed over time. There is no secret. Contortion is a hyper-consciousness of the body's ... Read More","og_url":"https:\/\/nadereartsvivants.com\/en\/workshop\/","og_site_name":"Nad\u00e8re arts vivants","article_modified_time":"2024-11-06T16:03:03+00:00","twitter_card":"summary_large_image","twitter_misc":{"Est. reading time":"5 minutes"},"schema":{"@context":"https:\/\/schema.org","@graph":[{"@type":"WebPage","@id":"https:\/\/nadereartsvivants.com\/en\/workshop\/","url":"https:\/\/nadereartsvivants.com\/en\/workshop\/","name":"Workshops - Nad\u00e8re arts vivants","isPartOf":{"@id":"https:\/\/nadereartsvivants.com\/#website"},"datePublished":"2019-07-24T16:03:58+00:00","dateModified":"2024-11-06T16:03:03+00:00","breadcrumb":{"@id":"https:\/\/nadereartsvivants.com\/en\/workshop\/#breadcrumb"},"inLanguage":"en-US","potentialAction":[{"@type":"ReadAction","target":["https:\/\/nadereartsvivants.com\/en\/workshop\/"]}]},{"@type":"BreadcrumbList","@id":"https:\/\/nadereartsvivants.com\/en\/workshop\/#breadcrumb","itemListElement":[{"@type":"ListItem","position":1,"name":"Accueil","item":"https:\/\/nadereartsvivants.com\/en\/accueil\/"},{"@type":"ListItem","position":2,"name":"Workshops"}]},{"@type":"WebSite","@id":"https:\/\/nadereartsvivants.com\/#website","url":"https:\/\/nadereartsvivants.com\/","name":"Nad\u00e8re arts vivants","description":"Po\u00e9sie noire aux \u00e9chos archa\u00eeques","potentialAction":[{"@type":"SearchAction","target":{"@type":"EntryPoint","urlTemplate":"https:\/\/nadereartsvivants.com\/?s={search_term_string}"},"query-input":{"@type":"PropertyValueSpecification","valueRequired":true,"valueName":"search_term_string"}}],"inLanguage":"en-US"}]}},"_links":{"self":[{"href":"https:\/\/nadereartsvivants.com\/en\/wp-json\/wp\/v2\/pages\/469","targetHints":{"allow":["GET"]}}],"collection":[{"href":"https:\/\/nadereartsvivants.com\/en\/wp-json\/wp\/v2\/pages"}],"about":[{"href":"https:\/\/nadereartsvivants.com\/en\/wp-json\/wp\/v2\/types\/page"}],"author":[{"embeddable":true,"href":"https:\/\/nadereartsvivants.com\/en\/wp-json\/wp\/v2\/users\/1"}],"replies":[{"embeddable":true,"href":"https:\/\/nadereartsvivants.com\/en\/wp-json\/wp\/v2\/comments?post=469"}],"version-history":[{"count":7,"href":"https:\/\/nadereartsvivants.com\/en\/wp-json\/wp\/v2\/pages\/469\/revisions"}],"predecessor-version":[{"id":1589,"href":"https:\/\/nadereartsvivants.com\/en\/wp-json\/wp\/v2\/pages\/469\/revisions\/1589"}],"wp:attachment":[{"href":"https:\/\/nadereartsvivants.com\/en\/wp-json\/wp\/v2\/media?parent=469"}],"curies":[{"name":"wp","href":"https:\/\/api.w.org\/{rel}","templated":true}]}}