{"id":479,"date":"2019-07-19T18:58:14","date_gmt":"2019-07-19T22:58:14","guid":{"rendered":"https:\/\/nadereartsvivants.com\/compagnie\/"},"modified":"2024-12-19T20:59:39","modified_gmt":"2024-12-20T01:59:39","slug":"artist-statement","status":"publish","type":"page","link":"https:\/\/nadereartsvivants.com\/en\/artist-statement\/","title":{"rendered":"Andr\u00e9ane Leclerc"},"content":{"rendered":"<div id=\"cs-content\" class=\"cs-content\"><div class=\"x-section e479-e1 mdb-0\"><div class=\"x-container marginless-columns e479-e2 mdb-2\"><div class=\"x-column x-sm x-1-2 e479-e3 mdb-3\"><span class=\"x-image e479-e4 mdb-4\"><img decoding=\"async\" src=\"https:\/\/nadereartsvivants.com\/wp-content\/uploads\/2022\/07\/Andreane-Leclerc.png\" width=\"846\" height=\"849\" alt=\"Image\" loading=\"lazy\"><\/span><\/div><div class=\"x-column x-sm x-1-2 e479-e5 mdb-3\"><div class=\"x-text x-content e479-e6 mdb-5 mdb-6 mdb-1\"><h3>Andr&eacute;ane Leclerc<\/h3>\n<p><strong>BIOGRAPHY<\/strong><br \/>As a performer, choreographer and teacher, Andr&eacute;ane Leclerc is interested in human encounters that guide her towards inter\/transdisciplinary and interartistic processes. Trained as a contortionist (&Eacute;cole nationale de cirque de Montr&eacute;al, 2001), she now draws on her 20 years of circus experience to reflect on contortion as a philosophical posture and develop her own stage language. Her approach, centred on listening, relational ecology and perceptive attention, is at the heart of new bodily practices emerging from the fields of somatics and performance.<\/p>\n<p>In 2013, she completed a master's degree on the dramaturgy of the circus body at UQAM's &Eacute;cole sup&eacute;rieure de th&eacute;&acirc;tre. That same year, she co-founded the company Nad&egrave;re arts vivants (NAV) to pursue her search for a body-matter that evolves through sensation rather than sensationalism. She created the conceptual pieces Di(x)parue 2009; Bath House 2013; Mange-Moi 2013; Cherepaka 2014; The Whore of Babylon Featuring The Tiger Lillies 2015; Sang Bleu 2018; &Agrave; l'Est de Nod 2022, and Xx en cours de cr&eacute;ation (2026). Her work has been presented in Tokyo, Florence, Cairo, Tenerife, Sao Paolo, Guadalajara, Chicago, Rouyn-Noranda and Montr&eacute;al, on contemporary stages as well as in museums and galleries.&nbsp;<\/p>\n<p>In 2013, she completed a master's degree on the dramaturgy of the circus body at UQAM's &Eacute;cole sup&eacute;rieure de th&eacute;&acirc;tre. That same year, she co-founded the company Nad&egrave;re arts vivants (NAV) to pursue her search for a body-matter that evolves through sensation rather than sensationalism. She created the conceptual pieces Di(x)parue 2009; Bath House 2013; Mange-Moi 2013; Cherepaka 2014; The Whore of Babylon Featuring The Tiger Lillies 2015; Sang Bleu 2018; &Agrave; l'Est de Nod 2022, and Xx en cours de cr&eacute;ation (2026). Her work has been presented in Tokyo, Florence, Cairo, Tenerife, Sao Paolo, Guadalajara, Chicago, Rouyn-Noranda and Montr&eacute;al, on contemporary stages as well as in museums and galleries.<\/p>\n<p><span class=\"s3\"><strong>ARTISTIC STATEMENT<\/strong><br \/>From the age of 15, I worked in various circuses around the world. I lived a nomadic life, performing contortion acts. My body was an object of entertainment, a product of consumption and sexual fantasy. I needed to find a way out of the control that the entertainment system had over me, over my body. In 2008, I began post-graduate studies in theatre at UQAM, while <\/span><span class=\"s3\">independantly<\/span><span class=\"s3\"> training in contemporary dance and performance. I'm interested in deconstructing spectacular language to make the body a material for sensitive stage writing and exploring the concept of limits as a structure. Today I'm developing a somatic practice based on contortion, which forms the basis of my scenic language. <\/span><\/p>\n<p><span class=\"s3\">Contortion is an accessible physical technique that operates according to laws linked to the phenomenon of amplitude. It sharpens the hyper-awareness of bodily sensations and activates a sensitive and intimate dialogue between body and self, leading to the (re)discovery of limits as allies. For me, contortion is a way of listening and relating, where everything becomes a process, a movement, a force for creation and regeneration. <\/span><span class=\"s11\">How does contortion inform non-contortionist bodies?<\/span><span class=\"s3\"> marks the starting point of a transdisciplinary artistic approach that anchors lived experience, both individual and collective, at the heart of the processes. Contortion stimulates the awakening of the senses, of a sense, of meaning, and provides access to both heterotopic spaces and inner territories made up of stories and new narratives. I am seeking to transmit these voices and imaginary emerging from the bodies, to the public. To do so, I develop choreographic scores that culminate in interdisciplinary works.<\/span><\/p>\n<p><span class=\"s3\">&nbsp;<\/span><span class=\"s3\">Interested in relational ecologies, these creation-researches engage local artistic communities and collaborate with artists from all disciplines, generations, cultures and genres to bring <\/span><span class=\"s3\">these evolving artistic piece<\/span><span class=\"s3\"> to life. The aim is to give voice to these bodies and open up multiple interpretations of the performative works. Engaging together with local performers is an ecological commitment, a desire to create lasting encounters, and hold reciprocity, cooperation and localism values.<\/span><\/p><\/div><div class=\"x-text x-content e479-e7 mdb-6 mdb-7\"><\/div><\/div><\/div><\/div><\/div>\n","protected":false},"excerpt":{"rendered":"<p>Andr&eacute;ane Leclerc BIOGRAPHYAs a performer, choreographer and teacher, Andr&eacute;ane Leclerc is interested in human encounters that guide her towards inter\/transdisciplinary and interartistic processes. Trained as a contortionist (&Eacute;cole nationale de cirque de Montr&eacute;al, 2001), she now draws on her 20 years of circus experience to reflect on contortion as a philosophical posture and develop her own stage language. Her approach, &#8230; <a href=\"https:\/\/nadereartsvivants.com\/en\/artist-statement\/\" class=\"more-link\">Read More<\/a><\/p>\n","protected":false},"author":1,"featured_media":0,"parent":0,"menu_order":0,"comment_status":"closed","ping_status":"closed","template":"","meta":{"_monsterinsights_skip_tracking":false,"_monsterinsights_sitenote_active":false,"_monsterinsights_sitenote_note":"","_monsterinsights_sitenote_category":0,"footnotes":"","_links_to":"","_links_to_target":""},"class_list":["post-479","page","type-page","status-publish","hentry","no-post-thumbnail"],"yoast_head":"<!-- This site is optimized with the Yoast SEO plugin v26.4 - https:\/\/yoast.com\/wordpress\/plugins\/seo\/ -->\n<title>Andr\u00e9ane Leclerc - Nad\u00e8re arts vivants<\/title>\n<meta name=\"robots\" content=\"index, follow, max-snippet:-1, max-image-preview:large, max-video-preview:-1\" \/>\n<link rel=\"canonical\" href=\"https:\/\/nadereartsvivants.com\/en\/artist-statement\/\" \/>\n<meta property=\"og:locale\" content=\"en_US\" \/>\n<meta property=\"og:type\" content=\"article\" \/>\n<meta property=\"og:title\" content=\"Andr\u00e9ane Leclerc - Nad\u00e8re arts vivants\" \/>\n<meta property=\"og:description\" content=\"Andr&eacute;ane Leclerc BIOGRAPHYAs a performer, choreographer and teacher, Andr&eacute;ane Leclerc is interested in human encounters that guide her towards inter\/transdisciplinary and interartistic processes. Trained as a contortionist (&Eacute;cole nationale de cirque de Montr&eacute;al, 2001), she now draws on her 20 years of circus experience to reflect on contortion as a philosophical posture and develop her own stage language. Her approach, ... Read More\" \/>\n<meta property=\"og:url\" content=\"https:\/\/nadereartsvivants.com\/en\/artist-statement\/\" \/>\n<meta property=\"og:site_name\" content=\"Nad\u00e8re arts vivants\" \/>\n<meta property=\"article:modified_time\" content=\"2024-12-20T01:59:39+00:00\" \/>\n<meta name=\"twitter:card\" content=\"summary_large_image\" \/>\n<meta name=\"twitter:label1\" content=\"Est. reading time\" \/>\n\t<meta name=\"twitter:data1\" content=\"4 minutes\" \/>\n<script type=\"application\/ld+json\" class=\"yoast-schema-graph\">{\"@context\":\"https:\/\/schema.org\",\"@graph\":[{\"@type\":\"WebPage\",\"@id\":\"https:\/\/nadereartsvivants.com\/en\/artist-statement\/\",\"url\":\"https:\/\/nadereartsvivants.com\/en\/artist-statement\/\",\"name\":\"Andr\u00e9ane Leclerc - Nad\u00e8re arts vivants\",\"isPartOf\":{\"@id\":\"https:\/\/nadereartsvivants.com\/#website\"},\"datePublished\":\"2019-07-19T22:58:14+00:00\",\"dateModified\":\"2024-12-20T01:59:39+00:00\",\"breadcrumb\":{\"@id\":\"https:\/\/nadereartsvivants.com\/en\/artist-statement\/#breadcrumb\"},\"inLanguage\":\"en-US\",\"potentialAction\":[{\"@type\":\"ReadAction\",\"target\":[\"https:\/\/nadereartsvivants.com\/en\/artist-statement\/\"]}]},{\"@type\":\"BreadcrumbList\",\"@id\":\"https:\/\/nadereartsvivants.com\/en\/artist-statement\/#breadcrumb\",\"itemListElement\":[{\"@type\":\"ListItem\",\"position\":1,\"name\":\"Accueil\",\"item\":\"https:\/\/nadereartsvivants.com\/en\/accueil\/\"},{\"@type\":\"ListItem\",\"position\":2,\"name\":\"Andr\u00e9ane Leclerc\"}]},{\"@type\":\"WebSite\",\"@id\":\"https:\/\/nadereartsvivants.com\/#website\",\"url\":\"https:\/\/nadereartsvivants.com\/\",\"name\":\"Nad\u00e8re arts vivants\",\"description\":\"Po\u00e9sie noire aux \u00e9chos archa\u00eeques\",\"potentialAction\":[{\"@type\":\"SearchAction\",\"target\":{\"@type\":\"EntryPoint\",\"urlTemplate\":\"https:\/\/nadereartsvivants.com\/?s={search_term_string}\"},\"query-input\":{\"@type\":\"PropertyValueSpecification\",\"valueRequired\":true,\"valueName\":\"search_term_string\"}}],\"inLanguage\":\"en-US\"}]}<\/script>\n<!-- \/ Yoast SEO plugin. -->","yoast_head_json":{"title":"Andr\u00e9ane Leclerc - Nad\u00e8re arts vivants","robots":{"index":"index","follow":"follow","max-snippet":"max-snippet:-1","max-image-preview":"max-image-preview:large","max-video-preview":"max-video-preview:-1"},"canonical":"https:\/\/nadereartsvivants.com\/en\/artist-statement\/","og_locale":"en_US","og_type":"article","og_title":"Andr\u00e9ane Leclerc - Nad\u00e8re arts vivants","og_description":"Andr&eacute;ane Leclerc BIOGRAPHYAs a performer, choreographer and teacher, Andr&eacute;ane Leclerc is interested in human encounters that guide her towards inter\/transdisciplinary and interartistic processes. Trained as a contortionist (&Eacute;cole nationale de cirque de Montr&eacute;al, 2001), she now draws on her 20 years of circus experience to reflect on contortion as a philosophical posture and develop her own stage language. Her approach, ... Read More","og_url":"https:\/\/nadereartsvivants.com\/en\/artist-statement\/","og_site_name":"Nad\u00e8re arts vivants","article_modified_time":"2024-12-20T01:59:39+00:00","twitter_card":"summary_large_image","twitter_misc":{"Est. reading time":"4 minutes"},"schema":{"@context":"https:\/\/schema.org","@graph":[{"@type":"WebPage","@id":"https:\/\/nadereartsvivants.com\/en\/artist-statement\/","url":"https:\/\/nadereartsvivants.com\/en\/artist-statement\/","name":"Andr\u00e9ane Leclerc - Nad\u00e8re arts vivants","isPartOf":{"@id":"https:\/\/nadereartsvivants.com\/#website"},"datePublished":"2019-07-19T22:58:14+00:00","dateModified":"2024-12-20T01:59:39+00:00","breadcrumb":{"@id":"https:\/\/nadereartsvivants.com\/en\/artist-statement\/#breadcrumb"},"inLanguage":"en-US","potentialAction":[{"@type":"ReadAction","target":["https:\/\/nadereartsvivants.com\/en\/artist-statement\/"]}]},{"@type":"BreadcrumbList","@id":"https:\/\/nadereartsvivants.com\/en\/artist-statement\/#breadcrumb","itemListElement":[{"@type":"ListItem","position":1,"name":"Accueil","item":"https:\/\/nadereartsvivants.com\/en\/accueil\/"},{"@type":"ListItem","position":2,"name":"Andr\u00e9ane Leclerc"}]},{"@type":"WebSite","@id":"https:\/\/nadereartsvivants.com\/#website","url":"https:\/\/nadereartsvivants.com\/","name":"Nad\u00e8re arts vivants","description":"Po\u00e9sie noire aux \u00e9chos archa\u00eeques","potentialAction":[{"@type":"SearchAction","target":{"@type":"EntryPoint","urlTemplate":"https:\/\/nadereartsvivants.com\/?s={search_term_string}"},"query-input":{"@type":"PropertyValueSpecification","valueRequired":true,"valueName":"search_term_string"}}],"inLanguage":"en-US"}]}},"_links":{"self":[{"href":"https:\/\/nadereartsvivants.com\/en\/wp-json\/wp\/v2\/pages\/479","targetHints":{"allow":["GET"]}}],"collection":[{"href":"https:\/\/nadereartsvivants.com\/en\/wp-json\/wp\/v2\/pages"}],"about":[{"href":"https:\/\/nadereartsvivants.com\/en\/wp-json\/wp\/v2\/types\/page"}],"author":[{"embeddable":true,"href":"https:\/\/nadereartsvivants.com\/en\/wp-json\/wp\/v2\/users\/1"}],"replies":[{"embeddable":true,"href":"https:\/\/nadereartsvivants.com\/en\/wp-json\/wp\/v2\/comments?post=479"}],"version-history":[{"count":13,"href":"https:\/\/nadereartsvivants.com\/en\/wp-json\/wp\/v2\/pages\/479\/revisions"}],"predecessor-version":[{"id":1696,"href":"https:\/\/nadereartsvivants.com\/en\/wp-json\/wp\/v2\/pages\/479\/revisions\/1696"}],"wp:attachment":[{"href":"https:\/\/nadereartsvivants.com\/en\/wp-json\/wp\/v2\/media?parent=479"}],"curies":[{"name":"wp","href":"https:\/\/api.w.org\/{rel}","templated":true}]}}