{"id":481,"date":"2019-07-24T12:06:30","date_gmt":"2019-07-24T16:06:30","guid":{"rendered":"https:\/\/nadereartsvivants.com\/mission\/"},"modified":"2024-12-19T21:00:10","modified_gmt":"2024-12-20T02:00:10","slug":"mission-statement","status":"publish","type":"page","link":"https:\/\/nadereartsvivants.com\/en\/mission-statement\/","title":{"rendered":"Nad\u00e8re arts vivants"},"content":{"rendered":"<div id=\"cs-content\" class=\"cs-content\"><div class=\"x-section e481-e1 mdd-0\"><div class=\"x-container marginless-columns e481-e2 mdd-1\"><div class=\"x-column x-sm x-1-2 e481-e3 mdd-2 mdd-3\"><div class=\"x-text x-content e481-e4 mdd-5\"><h4>Nad&egrave;re Arts Vivants<\/h4>\n<p><strong>VISION<\/strong><br \/>Nad&egrave;re Arts Vivants (NAV) is a Montr&eacute;al-based live arts company whose practice is anchored in artistic and geographical nomadism. NAV nurtures research-creation processes through artistic projects centred on cooperation.<\/p>\n<p>The word \"nad&egrave;re\"stems from &ldquo;nader,&rdquo; which means \"snake\" in Cornish, a formerly extinct Celtic language that has recently been revived. For us, the snake embodies movement, the process of regeneration, and creative force.<\/p>\n<p><strong>VALUES<\/strong><br \/>Listening is Nad&egrave;re Arts Vivants' core value.<\/p>\n<p>Listening lies at the heart of the company's creative processes (listening to bodies, co-presence of performers). The act of listening underpins both NAV&rsquo;s working relationships (consideration, looking closely to ethics of care), and the types of experience it seeks to offer to audiences (immersion with performers, invitation to introspection).<\/p>\n<p><strong>MISSION<\/strong><br \/>Nad&egrave;re Arts Vivants fosters creative projects both in its home base of Qu&eacute;bec and internationally, exploring links between land-based and bodily territories.<\/p>\n<p>Under the artistic direction Andr&eacute;ane Leclerc, Nad&egrave;re Arts Vivants favors transdisciplinar processes. The company creates works for diverse audiences across multiple forms.<\/p><\/div><div class=\"x-text x-content e481-e5 mdd-5\"><p><strong>HISTORY<\/strong><br \/>Following a first career as a classical contortionist, Andr&eacute;ane Leclerc created her first pieces in 2006 for various<\/p>\n<p>The interdisciplinary company Nad&egrave;re arts vivants was created in 2013 to support Andr&eacute;ane Leclerc's artistic vision by placing fundamental research into new body practices at the heart of its mission.<\/p>\n<p>Since then, Andr&eacute;ane's work has been presented on five continents, including Tokyo, Yerevan, Cairo, Florence, Barcelona, Copenhagen, Paris, New York, Guadalajara, Sao Paulo, Buenos Aires, Rouyn Noranda, Montr&eacute;al-Tio'tia:ke-Mooniyang, to name but a few.<\/p>\n<p>There are 6 works in the repertoire: the site-specific performance Di(x)parue (2009, the short piece Mange-Moi (2013), the interdisciplinary solo Cherepaka (2014), the large-scale piece The Whore of Babylon featuring The Tiger Lillies (2015), the co-creation with Dany Desjardins Sang Bleu (2018), and the most recent transdisciplinary creation &Agrave; l'Est de Nod which includes its first time, La for&ecirc;t (2022). Since its premiere, more than 120 artists from Armenia, France, Mexico, Argentina and Quebec (Montreal, Lanaudi&egrave;reand Abitibi) have taken part in the creation and dissemination of this piece.<\/p>\n<p>In 2021, Andr&eacute;ane will perform with Yaelle Antoine during 72h Faire Salon, at La Grainerie, and will carry out the first exploration of Xx at the Universit&eacute; du Mirail in Toulouse. Andr&eacute;ane is currently creating Xx (2026).<\/p>\n<p>Andr&eacute;ane offers master classes in contortion and interdisciplinary scenic writing at Tio'tia:ke-Mooniyang and internationally. Since 2018, Nad&egrave;re has also been developing a support programme for independent interdisciplinary artists. e (Morena Prat, Sonia Bustos), produced the local Montreal event of IETM-Multi Villes, an international network for contemporary arts (2020) and commissioned satellite works to the performances including, the album The Whore of Babylon featuring The Tiger Lillies (2020), the short film ALEDN by director Dominic Leclerc (2022), the photographic exhibition of ALEDN by Christian Leduc (2023). We are currently developing a publication with the Mus&eacute;e d'Art de Rouyn Noranda (2026).<\/p>\n<p>In 2021, Nad&egrave;re will obtain its charitable number from the CRA. The Board has set up a governance and development committee and an ad hoc strategic planning committee. We are a member of La Machinerie, En Piste, RQD, DSR, REPAIRE and IETM.<\/p><\/div><div class=\"x-text x-content e481-e6 mdd-5\"><p><strong>BOARD OF DIRECTORS<br \/>President<\/strong> - Marc-Andr&eacute; Goulet, Assistant to the management and project coordinator, Self-employed<br \/><strong>Vice-president<\/strong> - Andr&eacute;ane Leclerc, Artistic Director Nad&egrave;re arts vivants<br \/><strong>Treasurer<\/strong> - H&eacute;l&egrave;ne Bacquet, Cultural worker<br \/><strong>Secretary<\/strong> - Robert James Dixon, Projects Manager, Modis Canada Inc.<br \/><strong>Director<\/strong>: Sarai Gomez<br \/><strong>Director<\/strong>: &Eacute;milie Bombardier, Project Director, Montr&eacute;al International<\/p><\/div><\/div><div class=\"x-column x-sm x-1-2 e481-e7 mdd-2 mdd-4\"><span class=\"x-image e481-e8 mdd-6\"><img decoding=\"async\" src=\"https:\/\/nadereartsvivants.com\/wp-content\/uploads\/2024\/11\/1-2-scaled.jpg\" width=\"833\" height=\"1280\" alt=\"Image\" loading=\"lazy\"><\/span><\/div><\/div><\/div><\/div>\n","protected":false},"excerpt":{"rendered":"<p>Nad&egrave;re Arts Vivants VISIONNad&egrave;re Arts Vivants (NAV) is a Montr&eacute;al-based live arts company whose practice is anchored in artistic and geographical nomadism. NAV nurtures research-creation processes through artistic projects centred on cooperation. The word &#8220;nad&egrave;re&#8221;stems from &ldquo;nader,&rdquo; which means &#8220;snake&#8221; in Cornish, a formerly extinct Celtic language that has recently been revived. For us, the snake embodies movement, the process &#8230; <a href=\"https:\/\/nadereartsvivants.com\/en\/mission-statement\/\" class=\"more-link\">Read More<\/a><\/p>\n","protected":false},"author":1,"featured_media":0,"parent":0,"menu_order":0,"comment_status":"closed","ping_status":"closed","template":"","meta":{"_monsterinsights_skip_tracking":false,"_monsterinsights_sitenote_active":false,"_monsterinsights_sitenote_note":"","_monsterinsights_sitenote_category":0,"footnotes":"","_links_to":"","_links_to_target":""},"class_list":["post-481","page","type-page","status-publish","hentry","no-post-thumbnail"],"yoast_head":"<!-- This site is optimized with the Yoast SEO plugin v26.4 - https:\/\/yoast.com\/wordpress\/plugins\/seo\/ -->\n<title>Nad\u00e8re arts vivants - Nad\u00e8re arts vivants<\/title>\n<meta name=\"robots\" content=\"index, follow, max-snippet:-1, max-image-preview:large, max-video-preview:-1\" \/>\n<link rel=\"canonical\" href=\"https:\/\/nadereartsvivants.com\/en\/mission-statement\/\" \/>\n<meta property=\"og:locale\" content=\"en_US\" \/>\n<meta property=\"og:type\" content=\"article\" \/>\n<meta property=\"og:title\" content=\"Nad\u00e8re arts vivants - Nad\u00e8re arts vivants\" \/>\n<meta property=\"og:description\" content=\"Nad&egrave;re Arts Vivants VISIONNad&egrave;re Arts Vivants (NAV) is a Montr&eacute;al-based live arts company whose practice is anchored in artistic and geographical nomadism. NAV nurtures research-creation processes through artistic projects centred on cooperation. The word &quot;nad&egrave;re&quot;stems from &ldquo;nader,&rdquo; which means &quot;snake&quot; in Cornish, a formerly extinct Celtic language that has recently been revived. For us, the snake embodies movement, the process ... Read More\" \/>\n<meta property=\"og:url\" content=\"https:\/\/nadereartsvivants.com\/en\/mission-statement\/\" \/>\n<meta property=\"og:site_name\" content=\"Nad\u00e8re arts vivants\" \/>\n<meta property=\"article:modified_time\" content=\"2024-12-20T02:00:10+00:00\" \/>\n<meta name=\"twitter:card\" content=\"summary_large_image\" \/>\n<meta name=\"twitter:label1\" content=\"Est. reading time\" \/>\n\t<meta name=\"twitter:data1\" content=\"3 minutes\" \/>\n<script type=\"application\/ld+json\" class=\"yoast-schema-graph\">{\"@context\":\"https:\/\/schema.org\",\"@graph\":[{\"@type\":\"WebPage\",\"@id\":\"https:\/\/nadereartsvivants.com\/en\/mission-statement\/\",\"url\":\"https:\/\/nadereartsvivants.com\/en\/mission-statement\/\",\"name\":\"Nad\u00e8re arts vivants - Nad\u00e8re arts vivants\",\"isPartOf\":{\"@id\":\"https:\/\/nadereartsvivants.com\/#website\"},\"datePublished\":\"2019-07-24T16:06:30+00:00\",\"dateModified\":\"2024-12-20T02:00:10+00:00\",\"breadcrumb\":{\"@id\":\"https:\/\/nadereartsvivants.com\/en\/mission-statement\/#breadcrumb\"},\"inLanguage\":\"en-US\",\"potentialAction\":[{\"@type\":\"ReadAction\",\"target\":[\"https:\/\/nadereartsvivants.com\/en\/mission-statement\/\"]}]},{\"@type\":\"BreadcrumbList\",\"@id\":\"https:\/\/nadereartsvivants.com\/en\/mission-statement\/#breadcrumb\",\"itemListElement\":[{\"@type\":\"ListItem\",\"position\":1,\"name\":\"Accueil\",\"item\":\"https:\/\/nadereartsvivants.com\/en\/accueil\/\"},{\"@type\":\"ListItem\",\"position\":2,\"name\":\"Nad\u00e8re arts vivants\"}]},{\"@type\":\"WebSite\",\"@id\":\"https:\/\/nadereartsvivants.com\/#website\",\"url\":\"https:\/\/nadereartsvivants.com\/\",\"name\":\"Nad\u00e8re arts vivants\",\"description\":\"Po\u00e9sie noire aux \u00e9chos archa\u00eeques\",\"potentialAction\":[{\"@type\":\"SearchAction\",\"target\":{\"@type\":\"EntryPoint\",\"urlTemplate\":\"https:\/\/nadereartsvivants.com\/?s={search_term_string}\"},\"query-input\":{\"@type\":\"PropertyValueSpecification\",\"valueRequired\":true,\"valueName\":\"search_term_string\"}}],\"inLanguage\":\"en-US\"}]}<\/script>\n<!-- \/ Yoast SEO plugin. -->","yoast_head_json":{"title":"Nad\u00e8re arts vivants - Nad\u00e8re arts vivants","robots":{"index":"index","follow":"follow","max-snippet":"max-snippet:-1","max-image-preview":"max-image-preview:large","max-video-preview":"max-video-preview:-1"},"canonical":"https:\/\/nadereartsvivants.com\/en\/mission-statement\/","og_locale":"en_US","og_type":"article","og_title":"Nad\u00e8re arts vivants - Nad\u00e8re arts vivants","og_description":"Nad&egrave;re Arts Vivants VISIONNad&egrave;re Arts Vivants (NAV) is a Montr&eacute;al-based live arts company whose practice is anchored in artistic and geographical nomadism. NAV nurtures research-creation processes through artistic projects centred on cooperation. The word \"nad&egrave;re\"stems from &ldquo;nader,&rdquo; which means \"snake\" in Cornish, a formerly extinct Celtic language that has recently been revived. For us, the snake embodies movement, the process ... Read More","og_url":"https:\/\/nadereartsvivants.com\/en\/mission-statement\/","og_site_name":"Nad\u00e8re arts vivants","article_modified_time":"2024-12-20T02:00:10+00:00","twitter_card":"summary_large_image","twitter_misc":{"Est. reading time":"3 minutes"},"schema":{"@context":"https:\/\/schema.org","@graph":[{"@type":"WebPage","@id":"https:\/\/nadereartsvivants.com\/en\/mission-statement\/","url":"https:\/\/nadereartsvivants.com\/en\/mission-statement\/","name":"Nad\u00e8re arts vivants - Nad\u00e8re arts vivants","isPartOf":{"@id":"https:\/\/nadereartsvivants.com\/#website"},"datePublished":"2019-07-24T16:06:30+00:00","dateModified":"2024-12-20T02:00:10+00:00","breadcrumb":{"@id":"https:\/\/nadereartsvivants.com\/en\/mission-statement\/#breadcrumb"},"inLanguage":"en-US","potentialAction":[{"@type":"ReadAction","target":["https:\/\/nadereartsvivants.com\/en\/mission-statement\/"]}]},{"@type":"BreadcrumbList","@id":"https:\/\/nadereartsvivants.com\/en\/mission-statement\/#breadcrumb","itemListElement":[{"@type":"ListItem","position":1,"name":"Accueil","item":"https:\/\/nadereartsvivants.com\/en\/accueil\/"},{"@type":"ListItem","position":2,"name":"Nad\u00e8re arts vivants"}]},{"@type":"WebSite","@id":"https:\/\/nadereartsvivants.com\/#website","url":"https:\/\/nadereartsvivants.com\/","name":"Nad\u00e8re arts vivants","description":"Po\u00e9sie noire aux \u00e9chos archa\u00eeques","potentialAction":[{"@type":"SearchAction","target":{"@type":"EntryPoint","urlTemplate":"https:\/\/nadereartsvivants.com\/?s={search_term_string}"},"query-input":{"@type":"PropertyValueSpecification","valueRequired":true,"valueName":"search_term_string"}}],"inLanguage":"en-US"}]}},"_links":{"self":[{"href":"https:\/\/nadereartsvivants.com\/en\/wp-json\/wp\/v2\/pages\/481","targetHints":{"allow":["GET"]}}],"collection":[{"href":"https:\/\/nadereartsvivants.com\/en\/wp-json\/wp\/v2\/pages"}],"about":[{"href":"https:\/\/nadereartsvivants.com\/en\/wp-json\/wp\/v2\/types\/page"}],"author":[{"embeddable":true,"href":"https:\/\/nadereartsvivants.com\/en\/wp-json\/wp\/v2\/users\/1"}],"replies":[{"embeddable":true,"href":"https:\/\/nadereartsvivants.com\/en\/wp-json\/wp\/v2\/comments?post=481"}],"version-history":[{"count":8,"href":"https:\/\/nadereartsvivants.com\/en\/wp-json\/wp\/v2\/pages\/481\/revisions"}],"predecessor-version":[{"id":1698,"href":"https:\/\/nadereartsvivants.com\/en\/wp-json\/wp\/v2\/pages\/481\/revisions\/1698"}],"wp:attachment":[{"href":"https:\/\/nadereartsvivants.com\/en\/wp-json\/wp\/v2\/media?parent=481"}],"curies":[{"name":"wp","href":"https:\/\/api.w.org\/{rel}","templated":true}]}}