{"id":489,"date":"2019-07-24T12:04:14","date_gmt":"2019-07-24T16:04:14","guid":{"rendered":"https:\/\/nadereartsvivants.com\/medias\/"},"modified":"2021-06-28T17:27:28","modified_gmt":"2021-06-28T21:27:28","slug":"medias","status":"publish","type":"page","link":"https:\/\/nadereartsvivants.com\/en\/medias\/","title":{"rendered":"Medias"},"content":{"rendered":"<div id=\"cs-content\" class=\"cs-content\"><\/div>\n","protected":false},"excerpt":{"rendered":"<p>master thesis(French only) Leclerc, Andr&eacute;ane&nbsp;(2013).&nbsp;&laquo; Entre contorsion et &eacute;criture sc&eacute;nique : la prouesse comme technique &eacute;vocatrice de sens &raquo;&nbsp;M&eacute;moire. Montr&eacute;al (Qu&eacute;bec, Canada), Universit&eacute; du Qu&eacute;bec &agrave; Montr&eacute;al, Ma&icirc;trise en th&eacute;&acirc;tre.<\/p>\n","protected":false},"author":1,"featured_media":0,"parent":0,"menu_order":0,"comment_status":"closed","ping_status":"closed","template":"","meta":{"_monsterinsights_skip_tracking":false,"_monsterinsights_sitenote_active":false,"_monsterinsights_sitenote_note":"","_monsterinsights_sitenote_category":0,"footnotes":"","_links_to":"","_links_to_target":""},"class_list":["post-489","page","type-page","status-publish","hentry","no-post-thumbnail"],"yoast_head":"<!-- This site is optimized with the Yoast SEO plugin v26.4 - https:\/\/yoast.com\/wordpress\/plugins\/seo\/ -->\n<title>Medias - Nad\u00e8re arts vivants<\/title>\n<meta name=\"robots\" content=\"index, follow, max-snippet:-1, max-image-preview:large, max-video-preview:-1\" \/>\n<link rel=\"canonical\" href=\"https:\/\/nadereartsvivants.com\/en\/medias\/\" \/>\n<meta property=\"og:locale\" content=\"en_US\" \/>\n<meta property=\"og:type\" content=\"article\" \/>\n<meta property=\"og:title\" content=\"Medias - Nad\u00e8re arts vivants\" \/>\n<meta property=\"og:description\" content=\"master thesis(French only) Leclerc, Andr&eacute;ane&nbsp;(2013).&nbsp;&laquo; Entre contorsion et &eacute;criture sc&eacute;nique : la prouesse comme technique &eacute;vocatrice de sens &raquo;&nbsp;M&eacute;moire. Montr&eacute;al (Qu&eacute;bec, Canada), Universit&eacute; du Qu&eacute;bec &agrave; Montr&eacute;al, Ma&icirc;trise en th&eacute;&acirc;tre.\" \/>\n<meta property=\"og:url\" content=\"https:\/\/nadereartsvivants.com\/en\/medias\/\" \/>\n<meta property=\"og:site_name\" content=\"Nad\u00e8re arts vivants\" \/>\n<meta property=\"article:modified_time\" content=\"2021-06-28T21:27:28+00:00\" \/>\n<meta name=\"twitter:card\" content=\"summary_large_image\" \/>\n<meta name=\"twitter:label1\" content=\"Est. reading time\" \/>\n\t<meta name=\"twitter:data1\" content=\"1 minute\" \/>\n<script type=\"application\/ld+json\" class=\"yoast-schema-graph\">{\"@context\":\"https:\/\/schema.org\",\"@graph\":[{\"@type\":\"WebPage\",\"@id\":\"https:\/\/nadereartsvivants.com\/en\/medias\/\",\"url\":\"https:\/\/nadereartsvivants.com\/en\/medias\/\",\"name\":\"Medias - Nad\u00e8re arts vivants\",\"isPartOf\":{\"@id\":\"https:\/\/nadereartsvivants.com\/#website\"},\"datePublished\":\"2019-07-24T16:04:14+00:00\",\"dateModified\":\"2021-06-28T21:27:28+00:00\",\"breadcrumb\":{\"@id\":\"https:\/\/nadereartsvivants.com\/en\/medias\/#breadcrumb\"},\"inLanguage\":\"en-US\",\"potentialAction\":[{\"@type\":\"ReadAction\",\"target\":[\"https:\/\/nadereartsvivants.com\/en\/medias\/\"]}]},{\"@type\":\"BreadcrumbList\",\"@id\":\"https:\/\/nadereartsvivants.com\/en\/medias\/#breadcrumb\",\"itemListElement\":[{\"@type\":\"ListItem\",\"position\":1,\"name\":\"Accueil\",\"item\":\"https:\/\/nadereartsvivants.com\/en\/accueil\/\"},{\"@type\":\"ListItem\",\"position\":2,\"name\":\"Medias\"}]},{\"@type\":\"WebSite\",\"@id\":\"https:\/\/nadereartsvivants.com\/#website\",\"url\":\"https:\/\/nadereartsvivants.com\/\",\"name\":\"Nad\u00e8re arts vivants\",\"description\":\"Po\u00e9sie noire aux \u00e9chos archa\u00eeques\",\"potentialAction\":[{\"@type\":\"SearchAction\",\"target\":{\"@type\":\"EntryPoint\",\"urlTemplate\":\"https:\/\/nadereartsvivants.com\/?s={search_term_string}\"},\"query-input\":{\"@type\":\"PropertyValueSpecification\",\"valueRequired\":true,\"valueName\":\"search_term_string\"}}],\"inLanguage\":\"en-US\"}]}<\/script>\n<!-- \/ Yoast SEO plugin. -->","yoast_head_json":{"title":"Medias - Nad\u00e8re arts vivants","robots":{"index":"index","follow":"follow","max-snippet":"max-snippet:-1","max-image-preview":"max-image-preview:large","max-video-preview":"max-video-preview:-1"},"canonical":"https:\/\/nadereartsvivants.com\/en\/medias\/","og_locale":"en_US","og_type":"article","og_title":"Medias - Nad\u00e8re arts vivants","og_description":"master thesis(French only) Leclerc, Andr&eacute;ane&nbsp;(2013).&nbsp;&laquo; Entre contorsion et &eacute;criture sc&eacute;nique : la prouesse comme technique &eacute;vocatrice de sens &raquo;&nbsp;M&eacute;moire. Montr&eacute;al (Qu&eacute;bec, Canada), Universit&eacute; du Qu&eacute;bec &agrave; Montr&eacute;al, Ma&icirc;trise en th&eacute;&acirc;tre.","og_url":"https:\/\/nadereartsvivants.com\/en\/medias\/","og_site_name":"Nad\u00e8re arts vivants","article_modified_time":"2021-06-28T21:27:28+00:00","twitter_card":"summary_large_image","twitter_misc":{"Est. reading time":"1 minute"},"schema":{"@context":"https:\/\/schema.org","@graph":[{"@type":"WebPage","@id":"https:\/\/nadereartsvivants.com\/en\/medias\/","url":"https:\/\/nadereartsvivants.com\/en\/medias\/","name":"Medias - Nad\u00e8re arts vivants","isPartOf":{"@id":"https:\/\/nadereartsvivants.com\/#website"},"datePublished":"2019-07-24T16:04:14+00:00","dateModified":"2021-06-28T21:27:28+00:00","breadcrumb":{"@id":"https:\/\/nadereartsvivants.com\/en\/medias\/#breadcrumb"},"inLanguage":"en-US","potentialAction":[{"@type":"ReadAction","target":["https:\/\/nadereartsvivants.com\/en\/medias\/"]}]},{"@type":"BreadcrumbList","@id":"https:\/\/nadereartsvivants.com\/en\/medias\/#breadcrumb","itemListElement":[{"@type":"ListItem","position":1,"name":"Accueil","item":"https:\/\/nadereartsvivants.com\/en\/accueil\/"},{"@type":"ListItem","position":2,"name":"Medias"}]},{"@type":"WebSite","@id":"https:\/\/nadereartsvivants.com\/#website","url":"https:\/\/nadereartsvivants.com\/","name":"Nad\u00e8re arts vivants","description":"Po\u00e9sie noire aux \u00e9chos archa\u00eeques","potentialAction":[{"@type":"SearchAction","target":{"@type":"EntryPoint","urlTemplate":"https:\/\/nadereartsvivants.com\/?s={search_term_string}"},"query-input":{"@type":"PropertyValueSpecification","valueRequired":true,"valueName":"search_term_string"}}],"inLanguage":"en-US"}]}},"_links":{"self":[{"href":"https:\/\/nadereartsvivants.com\/en\/wp-json\/wp\/v2\/pages\/489","targetHints":{"allow":["GET"]}}],"collection":[{"href":"https:\/\/nadereartsvivants.com\/en\/wp-json\/wp\/v2\/pages"}],"about":[{"href":"https:\/\/nadereartsvivants.com\/en\/wp-json\/wp\/v2\/types\/page"}],"author":[{"embeddable":true,"href":"https:\/\/nadereartsvivants.com\/en\/wp-json\/wp\/v2\/users\/1"}],"replies":[{"embeddable":true,"href":"https:\/\/nadereartsvivants.com\/en\/wp-json\/wp\/v2\/comments?post=489"}],"version-history":[{"count":4,"href":"https:\/\/nadereartsvivants.com\/en\/wp-json\/wp\/v2\/pages\/489\/revisions"}],"predecessor-version":[{"id":940,"href":"https:\/\/nadereartsvivants.com\/en\/wp-json\/wp\/v2\/pages\/489\/revisions\/940"}],"wp:attachment":[{"href":"https:\/\/nadereartsvivants.com\/en\/wp-json\/wp\/v2\/media?parent=489"}],"curies":[{"name":"wp","href":"https:\/\/api.w.org\/{rel}","templated":true}]}}