{"id":491,"date":"2019-07-27T12:28:17","date_gmt":"2019-07-27T16:28:17","guid":{"rendered":"https:\/\/nadereartsvivants.com\/dons\/"},"modified":"2025-11-19T20:18:31","modified_gmt":"2025-11-20T01:18:31","slug":"donations","status":"publish","type":"page","link":"https:\/\/nadereartsvivants.com\/en\/donations\/","title":{"rendered":"Donations"},"content":{"rendered":"<div id=\"cs-content\" class=\"cs-content\"><div class=\"x-section e491-e1 mdn-0\"><div class=\"x-container marginless-columns e491-e2 mdn-1\"><div class=\"x-column x-sm x-1-2 e491-e3 mdn-2 mdn-3\"><span class=\"x-image e491-e4 mdn-5\"><img decoding=\"async\" src=\"https:\/\/nadereartsvivants.com\/wp-content\/uploads\/2024\/11\/Cherepaka_Credit-photo-Marc-Andre-Goulet_05-scaled.jpg\" width=\"1280\" height=\"1280\" alt=\"Image\" loading=\"lazy\"><\/span><\/div><div class=\"x-column x-sm x-1-2 e491-e5 mdn-2 mdn-4\"><div class=\"x-row e491-e6 mdn-6 mdn-7\"><div class=\"x-row-inner\"><div class=\"x-col e491-e7 mdn-8\"><div class=\"x-text x-content e491-e8 mdn-9\"><h1><span style=\"color: #000000;\"> Your support is essential<\/span><\/h1>\n<p class=\"MsoNormal\" style=\"margin: 0cm 0cm 0.0001pt; font-size: medium; font-family: 'Times New Roman', serif;\"><span lang=\"EN-US\">&nbsp;<\/span><\/p>\n<p>Dear donors,<\/p>\n<p>We are pleased to be officially recognized as a charitable organization by the Canada Revenue Agency.&nbsp;<\/p>\n<p>Any donation from you is a tremendous support to the arts and we are extremely grateful to each and every one of our donors.<\/p>\n<p>Nad&egrave;re Arts Vivants creates interdisciplinary pieces that question forms and genres, with fundamental research at the heart of its approach, as well as unusual artistic collaborations.<\/p>\n<p>Through your donation, you contribute to an independent testing platform, by supporting the emergence and influence of non-conformist and experimental projects.<\/p>\n<p>An official donation receipt will be issued for the amount of your choice.<\/p>\n<p>Thank you very much for your support!<\/p>\n<p><strong>Andr&eacute;ane and the entire Nad&egrave;re Arts Vivants team<\/strong><\/p><\/div><a class=\"x-anchor x-anchor-button e491-e9 mdn-a\" tabindex=\"0\" href=\"https:\/\/www.canadahelps.org\/en\/charities\/nadere-arts-vivants\/\" target=\"_blank\"><div class=\"x-anchor-content\"><div class=\"x-anchor-text\"><span class=\"x-anchor-text-primary\" data-x-single-anim=\"x-scale-up\">Make a donation<\/span><\/div><\/div><\/a><\/div><\/div><\/div><\/div><\/div><\/div><\/div>\n","protected":false},"excerpt":{"rendered":"<p>Your support is essential &nbsp; Dear donors, We are pleased to be officially recognized as a charitable organization by the Canada Revenue Agency.&nbsp; Any donation from you is a tremendous support to the arts and we are extremely grateful to each and every one of our donors. Nad&egrave;re Arts Vivants creates interdisciplinary pieces that question forms and genres, with fundamental &#8230; <a href=\"https:\/\/nadereartsvivants.com\/en\/donations\/\" class=\"more-link\">Read More<\/a><\/p>\n","protected":false},"author":1,"featured_media":0,"parent":0,"menu_order":0,"comment_status":"closed","ping_status":"closed","template":"","meta":{"_monsterinsights_skip_tracking":false,"_monsterinsights_sitenote_active":false,"_monsterinsights_sitenote_note":"","_monsterinsights_sitenote_category":0,"footnotes":"","_links_to":"","_links_to_target":""},"class_list":["post-491","page","type-page","status-publish","hentry","no-post-thumbnail"],"yoast_head":"<!-- This site is optimized with the Yoast SEO plugin v26.4 - https:\/\/yoast.com\/wordpress\/plugins\/seo\/ -->\n<title>Donations - Nad\u00e8re arts vivants<\/title>\n<meta name=\"robots\" content=\"index, follow, max-snippet:-1, max-image-preview:large, max-video-preview:-1\" \/>\n<link rel=\"canonical\" href=\"https:\/\/nadereartsvivants.com\/en\/donations\/\" \/>\n<meta property=\"og:locale\" content=\"en_US\" \/>\n<meta property=\"og:type\" content=\"article\" \/>\n<meta property=\"og:title\" content=\"Donations - Nad\u00e8re arts vivants\" \/>\n<meta property=\"og:description\" content=\"Your support is essential &nbsp; Dear donors, We are pleased to be officially recognized as a charitable organization by the Canada Revenue Agency.&nbsp; Any donation from you is a tremendous support to the arts and we are extremely grateful to each and every one of our donors. Nad&egrave;re Arts Vivants creates interdisciplinary pieces that question forms and genres, with fundamental ... Read More\" \/>\n<meta property=\"og:url\" content=\"https:\/\/nadereartsvivants.com\/en\/donations\/\" \/>\n<meta property=\"og:site_name\" content=\"Nad\u00e8re arts vivants\" \/>\n<meta property=\"article:modified_time\" content=\"2025-11-20T01:18:31+00:00\" \/>\n<meta name=\"twitter:card\" content=\"summary_large_image\" \/>\n<meta name=\"twitter:label1\" content=\"Est. reading time\" \/>\n\t<meta name=\"twitter:data1\" content=\"1 minute\" \/>\n<script type=\"application\/ld+json\" class=\"yoast-schema-graph\">{\"@context\":\"https:\/\/schema.org\",\"@graph\":[{\"@type\":\"WebPage\",\"@id\":\"https:\/\/nadereartsvivants.com\/en\/donations\/\",\"url\":\"https:\/\/nadereartsvivants.com\/en\/donations\/\",\"name\":\"Donations - Nad\u00e8re arts vivants\",\"isPartOf\":{\"@id\":\"https:\/\/nadereartsvivants.com\/#website\"},\"datePublished\":\"2019-07-27T16:28:17+00:00\",\"dateModified\":\"2025-11-20T01:18:31+00:00\",\"breadcrumb\":{\"@id\":\"https:\/\/nadereartsvivants.com\/en\/donations\/#breadcrumb\"},\"inLanguage\":\"en-US\",\"potentialAction\":[{\"@type\":\"ReadAction\",\"target\":[\"https:\/\/nadereartsvivants.com\/en\/donations\/\"]}]},{\"@type\":\"BreadcrumbList\",\"@id\":\"https:\/\/nadereartsvivants.com\/en\/donations\/#breadcrumb\",\"itemListElement\":[{\"@type\":\"ListItem\",\"position\":1,\"name\":\"Accueil\",\"item\":\"https:\/\/nadereartsvivants.com\/en\/accueil\/\"},{\"@type\":\"ListItem\",\"position\":2,\"name\":\"Donations\"}]},{\"@type\":\"WebSite\",\"@id\":\"https:\/\/nadereartsvivants.com\/#website\",\"url\":\"https:\/\/nadereartsvivants.com\/\",\"name\":\"Nad\u00e8re arts vivants\",\"description\":\"Po\u00e9sie noire aux \u00e9chos archa\u00eeques\",\"potentialAction\":[{\"@type\":\"SearchAction\",\"target\":{\"@type\":\"EntryPoint\",\"urlTemplate\":\"https:\/\/nadereartsvivants.com\/?s={search_term_string}\"},\"query-input\":{\"@type\":\"PropertyValueSpecification\",\"valueRequired\":true,\"valueName\":\"search_term_string\"}}],\"inLanguage\":\"en-US\"}]}<\/script>\n<!-- \/ Yoast SEO plugin. -->","yoast_head_json":{"title":"Donations - Nad\u00e8re arts vivants","robots":{"index":"index","follow":"follow","max-snippet":"max-snippet:-1","max-image-preview":"max-image-preview:large","max-video-preview":"max-video-preview:-1"},"canonical":"https:\/\/nadereartsvivants.com\/en\/donations\/","og_locale":"en_US","og_type":"article","og_title":"Donations - Nad\u00e8re arts vivants","og_description":"Your support is essential &nbsp; Dear donors, We are pleased to be officially recognized as a charitable organization by the Canada Revenue Agency.&nbsp; Any donation from you is a tremendous support to the arts and we are extremely grateful to each and every one of our donors. Nad&egrave;re Arts Vivants creates interdisciplinary pieces that question forms and genres, with fundamental ... Read More","og_url":"https:\/\/nadereartsvivants.com\/en\/donations\/","og_site_name":"Nad\u00e8re arts vivants","article_modified_time":"2025-11-20T01:18:31+00:00","twitter_card":"summary_large_image","twitter_misc":{"Est. reading time":"1 minute"},"schema":{"@context":"https:\/\/schema.org","@graph":[{"@type":"WebPage","@id":"https:\/\/nadereartsvivants.com\/en\/donations\/","url":"https:\/\/nadereartsvivants.com\/en\/donations\/","name":"Donations - Nad\u00e8re arts vivants","isPartOf":{"@id":"https:\/\/nadereartsvivants.com\/#website"},"datePublished":"2019-07-27T16:28:17+00:00","dateModified":"2025-11-20T01:18:31+00:00","breadcrumb":{"@id":"https:\/\/nadereartsvivants.com\/en\/donations\/#breadcrumb"},"inLanguage":"en-US","potentialAction":[{"@type":"ReadAction","target":["https:\/\/nadereartsvivants.com\/en\/donations\/"]}]},{"@type":"BreadcrumbList","@id":"https:\/\/nadereartsvivants.com\/en\/donations\/#breadcrumb","itemListElement":[{"@type":"ListItem","position":1,"name":"Accueil","item":"https:\/\/nadereartsvivants.com\/en\/accueil\/"},{"@type":"ListItem","position":2,"name":"Donations"}]},{"@type":"WebSite","@id":"https:\/\/nadereartsvivants.com\/#website","url":"https:\/\/nadereartsvivants.com\/","name":"Nad\u00e8re arts vivants","description":"Po\u00e9sie noire aux \u00e9chos archa\u00eeques","potentialAction":[{"@type":"SearchAction","target":{"@type":"EntryPoint","urlTemplate":"https:\/\/nadereartsvivants.com\/?s={search_term_string}"},"query-input":{"@type":"PropertyValueSpecification","valueRequired":true,"valueName":"search_term_string"}}],"inLanguage":"en-US"}]}},"_links":{"self":[{"href":"https:\/\/nadereartsvivants.com\/en\/wp-json\/wp\/v2\/pages\/491","targetHints":{"allow":["GET"]}}],"collection":[{"href":"https:\/\/nadereartsvivants.com\/en\/wp-json\/wp\/v2\/pages"}],"about":[{"href":"https:\/\/nadereartsvivants.com\/en\/wp-json\/wp\/v2\/types\/page"}],"author":[{"embeddable":true,"href":"https:\/\/nadereartsvivants.com\/en\/wp-json\/wp\/v2\/users\/1"}],"replies":[{"embeddable":true,"href":"https:\/\/nadereartsvivants.com\/en\/wp-json\/wp\/v2\/comments?post=491"}],"version-history":[{"count":19,"href":"https:\/\/nadereartsvivants.com\/en\/wp-json\/wp\/v2\/pages\/491\/revisions"}],"predecessor-version":[{"id":1512,"href":"https:\/\/nadereartsvivants.com\/en\/wp-json\/wp\/v2\/pages\/491\/revisions\/1512"}],"wp:attachment":[{"href":"https:\/\/nadereartsvivants.com\/en\/wp-json\/wp\/v2\/media?parent=491"}],"curies":[{"name":"wp","href":"https:\/\/api.w.org\/{rel}","templated":true}]}}